{"id":379,"date":"2024-03-21T05:34:13","date_gmt":"2024-03-21T05:34:13","guid":{"rendered":"http:\/\/optimierungmarketing.com\/?page_id=379"},"modified":"2025-06-19T14:05:23","modified_gmt":"2025-06-19T14:05:23","slug":"aviso-legal","status":"publish","type":"page","link":"https:\/\/optimierungmarketing.com\/de\/rechtshinweis\/","title":{"rendered":"Rechtlicher Hinweis"},"content":{"rendered":"<div data-elementor-type=\"wp-page\" data-elementor-id=\"379\" class=\"elementor elementor-379\" data-elementor-post-type=\"page\">\n\t\t\t\t\t\t<section class=\"elementor-section elementor-top-section elementor-element elementor-element-27ace7bd elementor-section-boxed elementor-section-height-default elementor-section-height-default\" data-id=\"27ace7bd\" data-element_type=\"section\" data-e-type=\"section\" data-settings=\"{&quot;background_background&quot;:&quot;classic&quot;}\">\n\t\t\t\t\t\t<div class=\"elementor-container elementor-column-gap-default\">\n\t\t\t\t\t<div class=\"elementor-column elementor-col-100 elementor-top-column elementor-element elementor-element-2f8a17b6\" data-id=\"2f8a17b6\" data-element_type=\"column\" data-e-type=\"column\">\n\t\t\t<div class=\"elementor-widget-wrap elementor-element-populated\">\n\t\t\t\t\t\t<div class=\"elementor-element elementor-element-6c78744 elementor-widget elementor-widget-heading\" data-id=\"6c78744\" data-element_type=\"widget\" data-e-type=\"widget\" data-widget_type=\"heading.default\">\n\t\t\t\t<div class=\"elementor-widget-container\">\n\t\t\t\t\t<h1 class=\"elementor-heading-title elementor-size-default\">Rechtlicher Hinweis<span class=\"colorpunto\">.<\/span><\/h1>\t\t\t\t<\/div>\n\t\t\t\t<\/div>\n\t\t\t\t<div class=\"elementor-element elementor-element-f7e75a7 elementor-icon-list--layout-inline elementor-align-center elementor-list-item-link-full_width elementor-widget elementor-widget-icon-list\" data-id=\"f7e75a7\" data-element_type=\"widget\" data-e-type=\"widget\" data-widget_type=\"icon-list.default\">\n\t\t\t\t<div class=\"elementor-widget-container\">\n\t\t\t\t\t\t\t<ul class=\"elementor-icon-list-items elementor-inline-items\">\n\t\t\t\t\t\t\t<li class=\"elementor-icon-list-item elementor-inline-item\">\n\t\t\t\t\t\t\t\t\t\t\t<a href=\"https:\/\/optimierungmarketing.com\/de\">\n\n\t\t\t\t\t\t\t\t\t\t\t<span class=\"elementor-icon-list-text\">Startseite<\/span>\n\t\t\t\t\t\t\t\t\t\t\t<\/a>\n\t\t\t\t\t\t\t\t\t<\/li>\n\t\t\t\t\t\t\t\t<li class=\"elementor-icon-list-item elementor-inline-item\">\n\t\t\t\t\t\t\t\t\t\t\t<span class=\"elementor-icon-list-icon\">\n\t\t\t\t\t\t\t<i aria-hidden=\"true\" class=\"icon icon-rocket-ship\"><\/i>\t\t\t\t\t\t<\/span>\n\t\t\t\t\t\t\t\t\t\t<span class=\"elementor-icon-list-text\"><\/span>\n\t\t\t\t\t\t\t\t\t<\/li>\n\t\t\t\t\t\t\t\t<li class=\"elementor-icon-list-item elementor-inline-item\">\n\t\t\t\t\t\t\t\t\t\t\t<a href=\"https:\/\/optimierungmarketing.com\/de\/rechtshinweis\/\">\n\n\t\t\t\t\t\t\t\t\t\t\t<span class=\"elementor-icon-list-text\">Rechtlicher Hinweis<\/span>\n\t\t\t\t\t\t\t\t\t\t\t<\/a>\n\t\t\t\t\t\t\t\t\t<\/li>\n\t\t\t\t\t\t<\/ul>\n\t\t\t\t\t\t<\/div>\n\t\t\t\t<\/div>\n\t\t\t\t\t<\/div>\n\t\t<\/div>\n\t\t\t\t\t<\/div>\n\t\t<\/section>\n\t\t\t\t<section class=\"elementor-section elementor-top-section elementor-element elementor-element-88739ad elementor-section-content-middle elementor-section-boxed elementor-section-height-default elementor-section-height-default\" data-id=\"88739ad\" data-element_type=\"section\" data-e-type=\"section\">\n\t\t\t\t\t\t<div class=\"elementor-container elementor-column-gap-default\">\n\t\t\t\t\t<div class=\"elementor-column elementor-col-100 elementor-top-column elementor-element elementor-element-49fd4fe\" data-id=\"49fd4fe\" data-element_type=\"column\" data-e-type=\"column\">\n\t\t\t<div class=\"elementor-widget-wrap elementor-element-populated\">\n\t\t\t\t\t\t<div class=\"elementor-element elementor-element-22c4d32 elementor-widget elementor-widget-text-editor\" data-id=\"22c4d32\" data-element_type=\"widget\" data-e-type=\"widget\" data-widget_type=\"text-editor.default\">\n\t\t\t\t<div class=\"elementor-widget-container\">\n\t\t\t\t\t\t\t\t\t<p>Javier Espa\u00f1ol Mu\u00f1oz<br \/>Calle Lisboa 16, Portal B, 6\u00b0C,<br \/>31620, Huarte, Navarra, Spanien<br \/>Telefon: +34 640 923 559<br \/>E-Mail: info@optimierungmarketing.com<br \/>Steueridentifikationsnummer: ES70253217Q<br \/>Plattform der Europ\u00e4ischen Kommission f\u00fcr die Online-Streitbeilegung: https:\/\/ec.europa.eu\/consumers\/odr<br \/>Der Inhaber der Website ist weder verpflichtet noch bereit, an einem Streitbeilegungsverfahren vor einer Verbraucherschlichtungsstelle teilzunehmen.<\/p>\t\t\t\t\t\t\t\t<\/div>\n\t\t\t\t<\/div>\n\t\t\t\t\t<\/div>\n\t\t<\/div>\n\t\t\t\t\t<\/div>\n\t\t<\/section>\n\t\t\t\t<\/div>","protected":false},"excerpt":{"rendered":"<p>Inicio Javier Espa\u00f1ol Mu\u00f1oz Calle Lisboa 16, Portal B, 6\u00b0C, 31620, Huarte, Navarra, Espa\u00f1a Tel\u00e9fono:: +34 640 923 559 Correo electr\u00f3nico: info@optimierungmarketing.com N\u00famero de identificaci\u00f3n fiscal: ES70253217Q Plataforma de la Comisi\u00f3n Europea para la resoluci\u00f3n de litigios en l\u00ednea: https:\/\/ec.europa.eu\/consumers\/odr \u200bEl propietario de la web no est\u00e1 obligado ni dispuesto a participar en un proceso [&hellip;]<\/p>\n","protected":false},"author":4,"featured_media":0,"parent":0,"menu_order":0,"comment_status":"closed","ping_status":"closed","template":"elementor_canvas","meta":{"footnotes":""},"class_list":["post-379","page","type-page","status-publish","hentry"],"yoast_head":"<!-- This site is optimized with the Yoast SEO plugin v26.8 - https:\/\/yoast.com\/product\/yoast-seo-wordpress\/ -->\n<title>Aviso legal y condiciones de uso | Optimierung Marketing<\/title>\n<meta name=\"description\" content=\"Consulta el aviso legal de Optimierung Marketing: informaci\u00f3n sobre titularidad, uso del sitio web, propiedad intelectual y protecci\u00f3n de datos.\" \/>\n<meta name=\"robots\" content=\"noindex, nofollow\" \/>\n<meta property=\"og:locale\" content=\"de_DE\" \/>\n<meta property=\"og:type\" content=\"article\" \/>\n<meta property=\"og:title\" content=\"Aviso legal y condiciones de uso | Optimierung Marketing\" \/>\n<meta property=\"og:description\" content=\"Consulta el aviso legal de Optimierung Marketing: informaci\u00f3n sobre titularidad, uso del sitio web, propiedad intelectual y protecci\u00f3n de datos.\" \/>\n<meta property=\"og:url\" content=\"https:\/\/optimierungmarketing.com\/de\/rechtshinweis\/\" \/>\n<meta property=\"og:site_name\" content=\"OPTIMIERUNG MARKETING\" \/>\n<meta property=\"article:modified_time\" content=\"2025-06-19T14:05:23+00:00\" \/>\n<meta name=\"twitter:card\" content=\"summary_large_image\" \/>\n<meta name=\"twitter:label1\" content=\"Gesch\u00e4tzte Lesezeit\" \/>\n\t<meta name=\"twitter:data1\" content=\"1\u00a0Minute\" \/>\n<script type=\"application\/ld+json\" class=\"yoast-schema-graph\">{\"@context\":\"https:\/\/schema.org\",\"@graph\":[{\"@type\":\"WebPage\",\"@id\":\"https:\/\/optimierungmarketing.com\/aviso-legal\/\",\"url\":\"https:\/\/optimierungmarketing.com\/aviso-legal\/\",\"name\":\"Aviso legal y condiciones de uso | Optimierung Marketing\",\"isPartOf\":{\"@id\":\"https:\/\/optimierungmarketing.com\/#website\"},\"datePublished\":\"2024-03-21T05:34:13+00:00\",\"dateModified\":\"2025-06-19T14:05:23+00:00\",\"description\":\"Consulta el aviso legal de Optimierung Marketing: informaci\u00f3n sobre titularidad, uso del sitio web, propiedad intelectual y protecci\u00f3n de datos.\",\"breadcrumb\":{\"@id\":\"https:\/\/optimierungmarketing.com\/aviso-legal\/#breadcrumb\"},\"inLanguage\":\"de\",\"potentialAction\":[{\"@type\":\"ReadAction\",\"target\":[\"https:\/\/optimierungmarketing.com\/aviso-legal\/\"]}]},{\"@type\":\"BreadcrumbList\",\"@id\":\"https:\/\/optimierungmarketing.com\/aviso-legal\/#breadcrumb\",\"itemListElement\":[{\"@type\":\"ListItem\",\"position\":1,\"name\":\"Portada\",\"item\":\"https:\/\/optimierungmarketing.com\/\"},{\"@type\":\"ListItem\",\"position\":2,\"name\":\"Aviso legal\"}]},{\"@type\":\"WebSite\",\"@id\":\"https:\/\/optimierungmarketing.com\/#website\",\"url\":\"https:\/\/optimierungmarketing.com\/\",\"name\":\"OPTIMIERUNG MARKETING\",\"description\":\"Performance Marketing Freelancer\",\"potentialAction\":[{\"@type\":\"SearchAction\",\"target\":{\"@type\":\"EntryPoint\",\"urlTemplate\":\"https:\/\/optimierungmarketing.com\/?s={search_term_string}\"},\"query-input\":{\"@type\":\"PropertyValueSpecification\",\"valueRequired\":true,\"valueName\":\"search_term_string\"}}],\"inLanguage\":\"de\"}]}<\/script>\n<!-- \/ Yoast SEO plugin. -->","yoast_head_json":{"title":"Rechtliche Hinweise und Nutzungsbedingungen | Optimierung Marketing","description":"Bitte beachten Sie die rechtlichen Hinweise von Optimierung Marketing: Informationen \u00fcber Eigentum, Nutzung der Website, geistiges Eigentum und Datenschutz.","robots":{"index":"noindex","follow":"nofollow"},"og_locale":"de_DE","og_type":"article","og_title":"Aviso legal y condiciones de uso | Optimierung Marketing","og_description":"Consulta el aviso legal de Optimierung Marketing: informaci\u00f3n sobre titularidad, uso del sitio web, propiedad intelectual y protecci\u00f3n de datos.","og_url":"https:\/\/optimierungmarketing.com\/de\/rechtshinweis\/","og_site_name":"OPTIMIERUNG MARKETING","article_modified_time":"2025-06-19T14:05:23+00:00","twitter_card":"summary_large_image","twitter_misc":{"Gesch\u00e4tzte Lesezeit":"1\u00a0Minute"},"schema":{"@context":"https:\/\/schema.org","@graph":[{"@type":"WebPage","@id":"https:\/\/optimierungmarketing.com\/aviso-legal\/","url":"https:\/\/optimierungmarketing.com\/aviso-legal\/","name":"Rechtliche Hinweise und Nutzungsbedingungen | Optimierung Marketing","isPartOf":{"@id":"https:\/\/optimierungmarketing.com\/#website"},"datePublished":"2024-03-21T05:34:13+00:00","dateModified":"2025-06-19T14:05:23+00:00","description":"Bitte beachten Sie die rechtlichen Hinweise von Optimierung Marketing: Informationen \u00fcber Eigentum, Nutzung der Website, geistiges Eigentum und Datenschutz.","breadcrumb":{"@id":"https:\/\/optimierungmarketing.com\/aviso-legal\/#breadcrumb"},"inLanguage":"de","potentialAction":[{"@type":"ReadAction","target":["https:\/\/optimierungmarketing.com\/aviso-legal\/"]}]},{"@type":"BreadcrumbList","@id":"https:\/\/optimierungmarketing.com\/aviso-legal\/#breadcrumb","itemListElement":[{"@type":"ListItem","position":1,"name":"Portada","item":"https:\/\/optimierungmarketing.com\/"},{"@type":"ListItem","position":2,"name":"Aviso legal"}]},{"@type":"WebSite","@id":"https:\/\/optimierungmarketing.com\/#website","url":"https:\/\/optimierungmarketing.com\/","name":"OPTIMIERUNG MARKETING","description":"Freiberufler f\u00fcr Performance Marketing","potentialAction":[{"@type":"SearchAction","target":{"@type":"EntryPoint","urlTemplate":"https:\/\/optimierungmarketing.com\/?s={search_term_string}"},"query-input":{"@type":"PropertyValueSpecification","valueRequired":true,"valueName":"search_term_string"}}],"inLanguage":"de"}]}},"_links":{"self":[{"href":"https:\/\/optimierungmarketing.com\/de\/wp-json\/wp\/v2\/pages\/379","targetHints":{"allow":["GET"]}}],"collection":[{"href":"https:\/\/optimierungmarketing.com\/de\/wp-json\/wp\/v2\/pages"}],"about":[{"href":"https:\/\/optimierungmarketing.com\/de\/wp-json\/wp\/v2\/types\/page"}],"author":[{"embeddable":true,"href":"https:\/\/optimierungmarketing.com\/de\/wp-json\/wp\/v2\/users\/4"}],"replies":[{"embeddable":true,"href":"https:\/\/optimierungmarketing.com\/de\/wp-json\/wp\/v2\/comments?post=379"}],"version-history":[{"count":9,"href":"https:\/\/optimierungmarketing.com\/de\/wp-json\/wp\/v2\/pages\/379\/revisions"}],"predecessor-version":[{"id":1445,"href":"https:\/\/optimierungmarketing.com\/de\/wp-json\/wp\/v2\/pages\/379\/revisions\/1445"}],"wp:attachment":[{"href":"https:\/\/optimierungmarketing.com\/de\/wp-json\/wp\/v2\/media?parent=379"}],"curies":[{"name":"wp","href":"https:\/\/api.w.org\/{rel}","templated":true}]}}