{"id":900,"date":"2024-06-29T12:27:01","date_gmt":"2024-06-29T12:27:01","guid":{"rendered":"https:\/\/optimierungmarketing.com\/?page_id=900"},"modified":"2024-06-29T12:29:25","modified_gmt":"2024-06-29T12:29:25","slug":"politica-de-cookies","status":"publish","type":"page","link":"https:\/\/optimierungmarketing.com\/en\/cookies-policy\/","title":{"rendered":"Cookies Policy"},"content":{"rendered":"<div data-elementor-type=\"wp-page\" data-elementor-id=\"900\" class=\"elementor elementor-900\" data-elementor-post-type=\"page\">\n\t\t\t\t\t\t<section class=\"elementor-section elementor-top-section elementor-element elementor-element-a2f092d elementor-section-boxed elementor-section-height-default elementor-section-height-default\" data-id=\"a2f092d\" data-element_type=\"section\" data-e-type=\"section\" data-settings=\"{&quot;background_background&quot;:&quot;classic&quot;}\">\n\t\t\t\t\t\t<div class=\"elementor-container elementor-column-gap-default\">\n\t\t\t\t\t<div class=\"elementor-column elementor-col-100 elementor-top-column elementor-element elementor-element-c3da43a\" data-id=\"c3da43a\" data-element_type=\"column\" data-e-type=\"column\">\n\t\t\t<div class=\"elementor-widget-wrap elementor-element-populated\">\n\t\t\t\t\t\t<div class=\"elementor-element elementor-element-c5cc654 elementor-widget elementor-widget-heading\" data-id=\"c5cc654\" data-element_type=\"widget\" data-e-type=\"widget\" data-widget_type=\"heading.default\">\n\t\t\t\t<div class=\"elementor-widget-container\">\n\t\t\t\t\t<h1 class=\"elementor-heading-title elementor-size-default\">Cookies Policy<span class=\"colorpunto\">.<\/span><\/h1>\t\t\t\t<\/div>\n\t\t\t\t<\/div>\n\t\t\t\t<div class=\"elementor-element elementor-element-28d4605 elementor-icon-list--layout-inline elementor-align-center elementor-list-item-link-full_width elementor-widget elementor-widget-icon-list\" data-id=\"28d4605\" data-element_type=\"widget\" data-e-type=\"widget\" data-widget_type=\"icon-list.default\">\n\t\t\t\t<div class=\"elementor-widget-container\">\n\t\t\t\t\t\t\t<ul class=\"elementor-icon-list-items elementor-inline-items\">\n\t\t\t\t\t\t\t<li class=\"elementor-icon-list-item elementor-inline-item\">\n\t\t\t\t\t\t\t\t\t\t\t<a href=\"https:\/\/optimierungmarketing.com\/en\">\n\n\t\t\t\t\t\t\t\t\t\t\t<span class=\"elementor-icon-list-text\">Home<\/span>\n\t\t\t\t\t\t\t\t\t\t\t<\/a>\n\t\t\t\t\t\t\t\t\t<\/li>\n\t\t\t\t\t\t\t\t<li class=\"elementor-icon-list-item elementor-inline-item\">\n\t\t\t\t\t\t\t\t\t\t\t<span class=\"elementor-icon-list-icon\">\n\t\t\t\t\t\t\t<i aria-hidden=\"true\" class=\"icon icon-rocket-ship\"><\/i>\t\t\t\t\t\t<\/span>\n\t\t\t\t\t\t\t\t\t\t<span class=\"elementor-icon-list-text\"><\/span>\n\t\t\t\t\t\t\t\t\t<\/li>\n\t\t\t\t\t\t\t\t<li class=\"elementor-icon-list-item elementor-inline-item\">\n\t\t\t\t\t\t\t\t\t\t\t<a href=\"https:\/\/optimierungmarketing.com\/en\/cookies-policy\/\">\n\n\t\t\t\t\t\t\t\t\t\t\t<span class=\"elementor-icon-list-text\">Cookies Policy<\/span>\n\t\t\t\t\t\t\t\t\t\t\t<\/a>\n\t\t\t\t\t\t\t\t\t<\/li>\n\t\t\t\t\t\t<\/ul>\n\t\t\t\t\t\t<\/div>\n\t\t\t\t<\/div>\n\t\t\t\t\t<\/div>\n\t\t<\/div>\n\t\t\t\t\t<\/div>\n\t\t<\/section>\n\t\t<div class=\"elementor-element elementor-element-2cb4e80 e-flex e-con-boxed e-con e-parent\" data-id=\"2cb4e80\" data-element_type=\"container\" data-e-type=\"container\">\n\t\t\t\t\t<div class=\"e-con-inner\">\n\t\t\t\t<div class=\"elementor-element elementor-element-11149eb elementor-widget elementor-widget-text-editor\" data-id=\"11149eb\" data-element_type=\"widget\" data-e-type=\"widget\" data-widget_type=\"text-editor.default\">\n\t\t\t\t<div class=\"elementor-widget-container\">\n\t\t\t\t\t\t\t\t\t<div class=\"row\">\n<div class=\"col-xl-10 mx-auto\">\n<div class=\"paper\">\n<header class=\"text-center\">\n<h2 class=\"m-auto\"><span style=\"color: var( --e-global-color-secondary ); font-family: var( --e-global-typography-58e138f-font-family ), Sans-serif; font-size: var( --e-global-typography-58e138f-font-size ); font-weight: var( --e-global-typography-58e138f-font-weight ); letter-spacing: var( --e-global-typography-58e138f-letter-spacing ); text-transform: var( --e-global-typography-58e138f-text-transform ); word-spacing: var( --e-global-typography-58e138f-word-spacing ); text-align: var(--text-align);\">https:\/\/optimierungmarketing.com\/<\/span><br><\/h2>\n<\/header>\n<div>\n<p>Access to this Web Site may involve the use of cookies. Cookies are small amounts of information that are stored in the browser used by each User -in the different devices that can be used to navigate- so that the server remembers certain information that later and only the server that implemented it will read. Cookies make browsing easier, more user-friendly, and do not damage the browsing device.<\/p>\n<p>Cookies are automatic procedures for collecting information relating to the preferences determined by the User during his\/her visit to the Website in order to recognize him\/her as a User, and to personalize his\/her experience and use of the Website, and may also, for example, help to identify and resolve errors.<\/p>\n<p>The information collected through cookies may include the date and time of visits to the Web Site, the pages viewed, the time spent on the Web Site and the sites visited just before and just after the same. However, no cookie allows this cookie to contact the User's telephone number or any other means of personal contact. No cookie can extract information from the User's hard drive or steal personal information. The only way for the User's private information to be part of the Cookie file is for the User to personally give that information to the server.<\/p>\n<p>Cookies that allow a person to be identified are considered personal data. Therefore, the Privacy Policy described above shall apply to them. In this sense, the use of cookies requires the consent of the User. This consent will be communicated, on the basis of a genuine choice, offered by means of an affirmative and positive decision, before the initial processing, removable and documented.<\/p>\n<div class=\"\">\n<h4>Own Cookies<\/h4>\n<p>These are cookies that are sent to the User's computer or device and managed exclusively by <span class=\"blanc-space ng-binding\">Optimierung Marketing<\/span> for the better functioning of the Web Site. The information collected is used to improve the quality of the Website and its Content and your experience as a User. These cookies make it possible to recognize the User as a recurring visitor to the Website and to adapt the content to offer him\/her content that suits his\/her preferences.<\/p>\n<\/div>\n<div class=\"thirdCookies ng-hide\">\n<h4>Third party cookies<\/h4>\n<p>These are cookies used and managed by external entities that provide to <span class=\"blanc-space ng-binding\">Optimierung Marketing<\/span> services requested by the same to improve the Website and the user experience when browsing the Website. The main purposes for which third-party cookies are used are to obtain access statistics and analyze browsing information, i.e., how the User interacts with the Website.<\/p>\n<p>The information obtained refers, for example, to the number of pages visited, the language, the place where the IP address from which the User accesses, the number of Users who access, the frequency and recurrence of visits, the time of visit, the browser used, the operator or type of device from which the visit is made. This information is used to improve the Web Site, and to detect new needs in order to offer the Users a Content and\/or service of optimum quality. In any case, the information is collected anonymously and Web Site trend reports are prepared without identifying individual users.<\/p>\n<p>You can obtain more information about cookies, privacy information, or consult the description of the type of cookies used, their main characteristics, expiration period, etc. at the following link(s):<\/p>\n<p class=\"text-wrap ng-binding\">\n<\/p><p>The entity(ies) in charge of providing cookies may transfer this information to third parties, if required by law or if a third party processes this information for such entities.<\/p>\n<\/div>\n<div class=\"ng-hide\">\n<h4>Social media cookies<\/h4>\n<p><span class=\"blanc-space ng-binding\">Optimierung Marketing<\/span> incorporates social media plugins, which allow access to social networks from the Website. For this reason, social network cookies may be stored in the User's browser. The owners of these social networks have their own data protection policies and cookies, being themselves, in each case, responsible for their own files and their own privacy practices. The User must refer to them for information about these cookies and, where appropriate, the processing of personal data. For information purposes only, the links where these privacy and\/or cookie policies may be consulted are indicated below:<\/p>\n<ul>\n<li>Facebook: <a class=\"text-info\" href=\"https:\/\/www.facebook.com\/policies\/cookies\/\">https:\/\/www.facebook.com\/policies\/cookies\/<\/a><\/li>\n<li>Twitter: <a class=\"text-info\" href=\"https:\/\/twitter.com\/es\/privacy\">https:\/\/twitter.com\/es\/privacy<\/a><\/li>\n<li>Instagram: <a class=\"text-info\" href=\"https:\/\/help.instagram.com\/1896641480634370?ref=ig\">https:\/\/help.instagram.com\/1896641480634370?ref=ig<\/a><\/li>\n<li>YouTube: <a class=\"text-info\" href=\"https:\/\/policies.google.com\/privacy?hl=es-419&amp;gl=mx\">https:\/\/policies.google.com\/privacy?hl=es-419&amp;gl=mx<\/a><\/li>\n<li>Pinterest: <a class=\"text-info\" href=\"https:\/\/policy.pinterest.com\/es\/privacy-policy\">https:\/\/policy.pinterest.com\/es\/privacy-policy<\/a><\/li>\n<li>LinkedIn: <a class=\"text-info\" href=\"https:\/\/www.linkedin.com\/legal\/cookie-policy?trk=hp-cookies\">https:\/\/www.linkedin.com\/legal\/cookie-policy?trk=hp-cookies<\/a><\/li>\n<\/ul>\n<\/div>\n<h4>Disabling, rejecting and deleting cookies<\/h4>\n<p>The User can disable, reject and delete cookies - in whole or in part - installed on their device by configuring their browser (among which are, for example, Chrome, Firefox, Safari, Explorer). In this regard, the procedures for rejecting and deleting cookies may differ from one Internet browser to another. Consequently, the User must follow the instructions provided by the Internet browser that he\/she is using. In the event that you reject the use of cookies - in whole or in part - you may continue to use the Web Site, although you may be limited in the use of some of its features.<\/p>\n<p><br><\/p>\n<\/div>\n<\/div>\n<\/div>\n<\/div>\t\t\t\t\t\t\t\t<\/div>\n\t\t\t\t<\/div>\n\t\t\t\t\t<\/div>\n\t\t\t\t<\/div>\n\t\t\t\t<\/div>","protected":false},"excerpt":{"rendered":"<p>Inicio http:\/\/optimierungmarketing.com\/ El acceso a este Sitio Web puede implicar la utilizaci\u00f3n de cookies. Las cookies son peque\u00f1as cantidades de informaci\u00f3n que se almacenan en el navegador utilizado por cada Usuario \u2014en los distintos dispositivos que pueda utilizar para navegar\u2014 para que el servidor recuerde cierta informaci\u00f3n que posteriormente y \u00fanicamente el servidor que la [&hellip;]<\/p>\n","protected":false},"author":6,"featured_media":0,"parent":0,"menu_order":0,"comment_status":"closed","ping_status":"closed","template":"elementor_header_footer","meta":{"footnotes":""},"class_list":["post-900","page","type-page","status-publish","hentry"],"yoast_head":"<!-- This site is optimized with the Yoast SEO plugin v26.8 - https:\/\/yoast.com\/product\/yoast-seo-wordpress\/ -->\n<title>Pol\u00edtica de Cookies - OPTIMIERUNG MARKETING<\/title>\n<meta name=\"robots\" content=\"noindex, nofollow\" \/>\n<meta property=\"og:locale\" content=\"en_US\" \/>\n<meta property=\"og:type\" content=\"article\" \/>\n<meta property=\"og:title\" content=\"Pol\u00edtica de Cookies - OPTIMIERUNG MARKETING\" \/>\n<meta property=\"og:description\" content=\"Inicio http:\/\/optimierungmarketing.com\/ El acceso a este Sitio Web puede implicar la utilizaci\u00f3n de cookies. Las cookies son peque\u00f1as cantidades de informaci\u00f3n que se almacenan en el navegador utilizado por cada Usuario \u2014en los distintos dispositivos que pueda utilizar para navegar\u2014 para que el servidor recuerde cierta informaci\u00f3n que posteriormente y \u00fanicamente el servidor que la [&hellip;]\" \/>\n<meta property=\"og:url\" content=\"https:\/\/optimierungmarketing.com\/en\/cookie-politik\/\" \/>\n<meta property=\"og:site_name\" content=\"OPTIMIERUNG MARKETING\" \/>\n<meta property=\"article:modified_time\" content=\"2024-06-29T12:29:25+00:00\" \/>\n<meta name=\"twitter:card\" content=\"summary_large_image\" \/>\n<meta name=\"twitter:label1\" content=\"Est. reading time\" \/>\n\t<meta name=\"twitter:data1\" content=\"5 minutes\" \/>\n<script type=\"application\/ld+json\" class=\"yoast-schema-graph\">{\"@context\":\"https:\/\/schema.org\",\"@graph\":[{\"@type\":\"WebPage\",\"@id\":\"https:\/\/optimierungmarketing.com\/de\/cookie-politik\/\",\"url\":\"https:\/\/optimierungmarketing.com\/de\/cookie-politik\/\",\"name\":\"Pol\u00edtica de Cookies - OPTIMIERUNG MARKETING\",\"isPartOf\":{\"@id\":\"https:\/\/optimierungmarketing.com\/#website\"},\"datePublished\":\"2024-06-29T12:27:01+00:00\",\"dateModified\":\"2024-06-29T12:29:25+00:00\",\"breadcrumb\":{\"@id\":\"https:\/\/optimierungmarketing.com\/de\/cookie-politik\/#breadcrumb\"},\"inLanguage\":\"en-US\",\"potentialAction\":[{\"@type\":\"ReadAction\",\"target\":[\"https:\/\/optimierungmarketing.com\/de\/cookie-politik\/\"]}]},{\"@type\":\"BreadcrumbList\",\"@id\":\"https:\/\/optimierungmarketing.com\/de\/cookie-politik\/#breadcrumb\",\"itemListElement\":[{\"@type\":\"ListItem\",\"position\":1,\"name\":\"Portada\",\"item\":\"https:\/\/optimierungmarketing.com\/\"},{\"@type\":\"ListItem\",\"position\":2,\"name\":\"Pol\u00edtica de Cookies\"}]},{\"@type\":\"WebSite\",\"@id\":\"https:\/\/optimierungmarketing.com\/#website\",\"url\":\"https:\/\/optimierungmarketing.com\/\",\"name\":\"OPTIMIERUNG MARKETING\",\"description\":\"Performance Marketing Freelancer\",\"potentialAction\":[{\"@type\":\"SearchAction\",\"target\":{\"@type\":\"EntryPoint\",\"urlTemplate\":\"https:\/\/optimierungmarketing.com\/?s={search_term_string}\"},\"query-input\":{\"@type\":\"PropertyValueSpecification\",\"valueRequired\":true,\"valueName\":\"search_term_string\"}}],\"inLanguage\":\"en-US\"}]}<\/script>\n<!-- \/ Yoast SEO plugin. -->","yoast_head_json":{"title":"Cookie Policy - OPTIMIERUNG MARKETING","robots":{"index":"noindex","follow":"nofollow"},"og_locale":"en_US","og_type":"article","og_title":"Pol\u00edtica de Cookies - OPTIMIERUNG MARKETING","og_description":"Inicio http:\/\/optimierungmarketing.com\/ El acceso a este Sitio Web puede implicar la utilizaci\u00f3n de cookies. Las cookies son peque\u00f1as cantidades de informaci\u00f3n que se almacenan en el navegador utilizado por cada Usuario \u2014en los distintos dispositivos que pueda utilizar para navegar\u2014 para que el servidor recuerde cierta informaci\u00f3n que posteriormente y \u00fanicamente el servidor que la [&hellip;]","og_url":"https:\/\/optimierungmarketing.com\/en\/cookie-politik\/","og_site_name":"OPTIMIERUNG MARKETING","article_modified_time":"2024-06-29T12:29:25+00:00","twitter_card":"summary_large_image","twitter_misc":{"Est. reading time":"5 minutes"},"schema":{"@context":"https:\/\/schema.org","@graph":[{"@type":"WebPage","@id":"https:\/\/optimierungmarketing.com\/de\/cookie-politik\/","url":"https:\/\/optimierungmarketing.com\/de\/cookie-politik\/","name":"Cookie Policy - OPTIMIERUNG MARKETING","isPartOf":{"@id":"https:\/\/optimierungmarketing.com\/#website"},"datePublished":"2024-06-29T12:27:01+00:00","dateModified":"2024-06-29T12:29:25+00:00","breadcrumb":{"@id":"https:\/\/optimierungmarketing.com\/de\/cookie-politik\/#breadcrumb"},"inLanguage":"en-US","potentialAction":[{"@type":"ReadAction","target":["https:\/\/optimierungmarketing.com\/de\/cookie-politik\/"]}]},{"@type":"BreadcrumbList","@id":"https:\/\/optimierungmarketing.com\/de\/cookie-politik\/#breadcrumb","itemListElement":[{"@type":"ListItem","position":1,"name":"Portada","item":"https:\/\/optimierungmarketing.com\/"},{"@type":"ListItem","position":2,"name":"Pol\u00edtica de Cookies"}]},{"@type":"WebSite","@id":"https:\/\/optimierungmarketing.com\/#website","url":"https:\/\/optimierungmarketing.com\/","name":"OPTIMIERUNG MARKETING","description":"Performance Marketing Freelancer","potentialAction":[{"@type":"SearchAction","target":{"@type":"EntryPoint","urlTemplate":"https:\/\/optimierungmarketing.com\/?s={search_term_string}"},"query-input":{"@type":"PropertyValueSpecification","valueRequired":true,"valueName":"search_term_string"}}],"inLanguage":"en-US"}]}},"_links":{"self":[{"href":"https:\/\/optimierungmarketing.com\/en\/wp-json\/wp\/v2\/pages\/900","targetHints":{"allow":["GET"]}}],"collection":[{"href":"https:\/\/optimierungmarketing.com\/en\/wp-json\/wp\/v2\/pages"}],"about":[{"href":"https:\/\/optimierungmarketing.com\/en\/wp-json\/wp\/v2\/types\/page"}],"author":[{"embeddable":true,"href":"https:\/\/optimierungmarketing.com\/en\/wp-json\/wp\/v2\/users\/6"}],"replies":[{"embeddable":true,"href":"https:\/\/optimierungmarketing.com\/en\/wp-json\/wp\/v2\/comments?post=900"}],"version-history":[{"count":4,"href":"https:\/\/optimierungmarketing.com\/en\/wp-json\/wp\/v2\/pages\/900\/revisions"}],"predecessor-version":[{"id":907,"href":"https:\/\/optimierungmarketing.com\/en\/wp-json\/wp\/v2\/pages\/900\/revisions\/907"}],"wp:attachment":[{"href":"https:\/\/optimierungmarketing.com\/en\/wp-json\/wp\/v2\/media?parent=900"}],"curies":[{"name":"wp","href":"https:\/\/api.w.org\/{rel}","templated":true}]}}